{"id":242,"date":"2023-01-27T09:59:37","date_gmt":"2023-01-27T14:59:37","guid":{"rendered":"http:\/\/observatorio.uartes.edu.ec\/visor-cultural\/lineamientos-de-postulacion\/"},"modified":"2023-01-27T10:11:44","modified_gmt":"2023-01-27T15:11:44","slug":"lineamientos-de-postulacion","status":"publish","type":"page","link":"https:\/\/observatorio.uartes.edu.ec\/visor-cultural\/lineamientos-de-postulacion\/","title":{"rendered":"Lineamientos de postulaci\u00f3n"},"content":{"rendered":"\n<h3 class=\"wp-block-heading\">Ejes tem\u00e1ticos<\/h3>\n\n\n\n<ul class=\"wp-block-list\">\n<li>Pol\u00edticas de fomento para las artes y la cultura<\/li>\n\n\n\n<li>Din\u00e1micas de la gesti\u00f3n y producci\u00f3n art\u00edstica y cultural<\/li>\n\n\n\n<li>Legislaci\u00f3n sobre la cultura<\/li>\n\n\n\n<li>Derechos intelectuales en la creaci\u00f3n art\u00edstica-cultural<\/li>\n\n\n\n<li>Condiciones laborales para trabajadores del arte y la cultura<\/li>\n\n\n\n<li>Seguridad social<\/li>\n\n\n\n<li>Cultura y territorio<\/li>\n\n\n\n<li>Consumos culturales<\/li>\n\n\n\n<li>Financiamientos para la cultura<\/li>\n\n\n\n<li>Ciudad y pol\u00edticas culturales<\/li>\n\n\n\n<li>Mujeres en el arte: brechas salariales y equidad en el acceso a espacios<\/li>\n\n\n\n<li>Arte y educaci\u00f3n&nbsp;<\/li>\n\n\n\n<li>Otros lugares para el quehacer art\u00edstico: din\u00e1micas comunitarias-barriales y culturas urbanas<\/li>\n\n\n\n<li>Migraci\u00f3n y su v\u00ednculo con la econom\u00eda creativa<\/li>\n\n\n\n<li>Cualquier otra l\u00ednea de investigaci\u00f3n que se relaciones con las pol\u00edticas, la gesti\u00f3n o la econom\u00eda de la cultura en Am\u00e9rica Latina<\/li>\n<\/ul>\n\n\n\n<h3 class=\"wp-block-heading\">Pol\u00edticas de derechos de autor<\/h3>\n\n\n\n<ul class=\"wp-block-list\">\n<li>Los textos divulgados en esta plataforma no est\u00e1n sujetos a pol\u00edticas de exclusividad, por lo que se encuentran liberados para que sus autores los publiquen en los espacios que consideren pertinentes.&nbsp;<\/li>\n\n\n\n<li>La documentos se publicar\u00e1n bajo la licencia Creative Commons AttributionNonCommercial-NoDerivatives 4.0 International (CC BY-NC-ND 4.0), que significa que los usuarios son libres de: Compartir, copiar y redistribuir el material en cualquier medio o formato bajo los siguientes t\u00e9rminos: 1. Atribuci\u00f3n (el cr\u00e9dito debe estar debidamente especificado, proveer un link a la licencia e indicar si se hicieron cambios); 2. No Comercial (terceras personas no pueden hacer uso del material para fines comerciales); 3. No Derivados (Si el material es transformado, o si se le agregan contenidos, est\u00e1 prohibida su difusi\u00f3n).<\/li>\n<\/ul>\n\n\n\n<h3 class=\"wp-block-heading\">Pautas para la presentaci\u00f3n del art\u00edculo<\/h3>\n\n\n\n<ul class=\"wp-block-list\">\n<li>El art\u00edculo se enviar\u00e1 mediante el siguiente formulario: <a href=\"https:\/\/forms.gle\/fKn8GqMxMU8sY4ou6\">https:\/\/forms.gle\/fKn8GqMxMU8sY4ou6<\/a><a href=\"https:\/\/forms.gle\/fKn8GqMxMU8sY4ou6\"><\/a><\/li>\n\n\n\n<li>El art\u00edculo se enviar\u00e1 en archivo Word y deber\u00e1 cumplir con los siguientes requerimientos: una extensi\u00f3n m\u00ednima de 4.000 palabras y una m\u00e1xima de 10.000 palabras incluyendo notas y referencias bibliogr\u00e1ficas, letra Times New Roman, tama\u00f1o 12, interlineado a doble espacio y usando como sistema de citaci\u00f3n el manual de estilo Chicago-Deusto.<\/li>\n\n\n\n<li>Los datos sobre el autor se indicar\u00e1n en nota al pie de p\u00e1gina con asterisco: nombre del autor, profesi\u00f3n u oficio, nivel de estudios, empleo actual, lugar de trabajo, correo electr\u00f3nico (preferiblemente institucional) y direcci\u00f3n de correspondencia.<\/li>\n\n\n\n<li>El documento debe incluir: a) t\u00edtulo, b) resumen (abstract) en el idioma original e ingl\u00e9s (m\u00e1ximo 150 palabras), c) de cuatro a seis palabras claves en espa\u00f1ol y en ingl\u00e9s.<\/li>\n\n\n\n<li>Las citas deben estar en el idioma usado en el art\u00edculo.<\/li>\n\n\n\n<li>Las notas deben ser incluidas a pie de p\u00e1gina.<\/li>\n\n\n\n<li>Es necesario que los cuadros, im\u00e1genes, dibujos o mapas sean legibles y est\u00e9n insertados en el documento Word, para lo cual se solicita tambi\u00e9n que se encuentren adjuntas de forma independiente en el correo de env\u00edo. Se deber\u00e1 citar su fuente de informaci\u00f3n en la parte inferior, adem\u00e1s de enviar los archivos empleados para su elaboraci\u00f3n (hoja de c\u00e1lculo, tablas, gr\u00e1ficos e imagen para figuras o mapas). Finalmente, las im\u00e1genes vendr\u00e1n acompa\u00f1adas de la respectiva autorizaci\u00f3n de uso.<\/li>\n\n\n\n<li>Para el env\u00edo del texto se deber\u00e1 utilizar<a href=\"http:\/\/observatorio.uartes.edu.ec\/visor-cultural\/plantilla-para-articulos\/\"> la plantilla disponible<\/a> en la secci\u00f3n de Lineamientos y Herramientas de Postulaci\u00f3n, con la respectiva observaci\u00f3n de las directrices all\u00ed detalladas.\u00a0<\/li>\n<\/ul>\n","protected":false},"excerpt":{"rendered":"<p>Ejes tem\u00e1ticos Pol\u00edticas de derechos de autor Pautas para la presentaci\u00f3n del art\u00edculo<\/p>\n","protected":false},"author":1,"featured_media":0,"parent":0,"menu_order":2,"comment_status":"closed","ping_status":"closed","template":"","meta":{"_uag_custom_page_level_css":"","_monsterinsights_skip_tracking":false,"_monsterinsights_sitenote_active":false,"_monsterinsights_sitenote_note":"","_monsterinsights_sitenote_category":0,"cybocfi_hide_featured_image":"","footnotes":""},"class_list":["post-242","page","type-page","status-publish","hentry"],"blocksy_meta":{"styles_descriptor":{"styles":{"desktop":"","tablet":"","mobile":""},"google_fonts":[],"version":6}},"uagb_featured_image_src":{"full":false,"thumbnail":false,"medium":false,"medium_large":false,"large":false,"1536x1536":false,"2048x2048":false,"tainacan-small":false,"tainacan-medium":false,"tainacan-medium-full":false,"tainacan-large-full":false},"uagb_author_info":{"display_name":"Universidad de las Artes","author_link":"https:\/\/observatorio.uartes.edu.ec\/visor-cultural\/author\/dircomadm\/"},"uagb_comment_info":0,"uagb_excerpt":"Ejes tem\u00e1ticos Pol\u00edticas de derechos de autor Pautas para la presentaci\u00f3n del art\u00edculo","distributor_meta":false,"distributor_terms":false,"distributor_media":false,"distributor_original_site_name":"Visor Cultural","distributor_original_site_url":"https:\/\/observatorio.uartes.edu.ec\/visor-cultural","push-errors":false,"_links":{"self":[{"href":"https:\/\/observatorio.uartes.edu.ec\/visor-cultural\/wp-json\/wp\/v2\/pages\/242","targetHints":{"allow":["GET"]}}],"collection":[{"href":"https:\/\/observatorio.uartes.edu.ec\/visor-cultural\/wp-json\/wp\/v2\/pages"}],"about":[{"href":"https:\/\/observatorio.uartes.edu.ec\/visor-cultural\/wp-json\/wp\/v2\/types\/page"}],"author":[{"embeddable":true,"href":"https:\/\/observatorio.uartes.edu.ec\/visor-cultural\/wp-json\/wp\/v2\/users\/1"}],"replies":[{"embeddable":true,"href":"https:\/\/observatorio.uartes.edu.ec\/visor-cultural\/wp-json\/wp\/v2\/comments?post=242"}],"version-history":[{"count":2,"href":"https:\/\/observatorio.uartes.edu.ec\/visor-cultural\/wp-json\/wp\/v2\/pages\/242\/revisions"}],"predecessor-version":[{"id":250,"href":"https:\/\/observatorio.uartes.edu.ec\/visor-cultural\/wp-json\/wp\/v2\/pages\/242\/revisions\/250"}],"wp:attachment":[{"href":"https:\/\/observatorio.uartes.edu.ec\/visor-cultural\/wp-json\/wp\/v2\/media?parent=242"}],"curies":[{"name":"wp","href":"https:\/\/api.w.org\/{rel}","templated":true}]}}