{"id":238,"date":"2023-01-27T09:47:39","date_gmt":"2023-01-27T14:47:39","guid":{"rendered":"http:\/\/observatorio.uartes.edu.ec\/visor-cultural\/?page_id=238"},"modified":"2023-01-27T09:50:01","modified_gmt":"2023-01-27T14:50:01","slug":"que-es-el-visor-cultural","status":"publish","type":"page","link":"https:\/\/observatorio.uartes.edu.ec\/visor-cultural\/que-es-el-visor-cultural\/","title":{"rendered":"Qu\u00e9 es el Visor Cultural"},"content":{"rendered":"\n<p class=\"has-medium-font-size\"><strong>Visor cultural:<\/strong> <em>documentos de investigaci\u00f3n y discusi\u00f3n<\/em> es una plataforma del Observatorio de Pol\u00edticas y Econom\u00eda de la Cultura cuyo objetivo es incentivar y difundir la producci\u00f3n acad\u00e9mica e investigativa respecto a tem\u00e1ticas relevantes a las pol\u00edticas y econom\u00eda de la cultura a nivel regional. Este espacio recoge documentos de trabajo e investigaciones en formato de art\u00edculo o ensayo sobre diversas tem\u00e1ticas con el objetivo de fomentar la discusi\u00f3n y la difusi\u00f3n de an\u00e1lisis y planteamientos diversos entre la comunidad acad\u00e9mica, art\u00edstica y cultural, y a la vez ofrecer un marco para que los escritos puedan continuar su perfeccionamiento en vistas a su publicaci\u00f3n en revistas acad\u00e9micas y\/o libros especializados.<\/p>\n","protected":false},"excerpt":{"rendered":"<p>Visor cultural: documentos de investigaci\u00f3n y discusi\u00f3n es una plataforma del Observatorio de Pol\u00edticas y Econom\u00eda de la Cultura cuyo objetivo es incentivar y difundir la producci\u00f3n acad\u00e9mica e investigativa respecto a tem\u00e1ticas relevantes a las pol\u00edticas y econom\u00eda de la cultura a nivel regional. Este espacio recoge documentos de trabajo e investigaciones en formato [&hellip;]<\/p>\n","protected":false},"author":1,"featured_media":0,"parent":0,"menu_order":0,"comment_status":"closed","ping_status":"closed","template":"","meta":{"_uag_custom_page_level_css":"","_monsterinsights_skip_tracking":false,"_monsterinsights_sitenote_active":false,"_monsterinsights_sitenote_note":"","_monsterinsights_sitenote_category":0,"cybocfi_hide_featured_image":"","footnotes":""},"class_list":["post-238","page","type-page","status-publish","hentry"],"blocksy_meta":{"styles_descriptor":{"styles":{"desktop":"","tablet":"","mobile":""},"google_fonts":[],"version":6}},"uagb_featured_image_src":{"full":false,"thumbnail":false,"medium":false,"medium_large":false,"large":false,"1536x1536":false,"2048x2048":false,"tainacan-small":false,"tainacan-medium":false,"tainacan-medium-full":false,"tainacan-large-full":false},"uagb_author_info":{"display_name":"Universidad de las Artes","author_link":"https:\/\/observatorio.uartes.edu.ec\/visor-cultural\/author\/dircomadm\/"},"uagb_comment_info":0,"uagb_excerpt":"Visor cultural: documentos de investigaci\u00f3n y discusi\u00f3n es una plataforma del Observatorio de Pol\u00edticas y Econom\u00eda de la Cultura cuyo objetivo es incentivar y difundir la producci\u00f3n acad\u00e9mica e investigativa respecto a tem\u00e1ticas relevantes a las pol\u00edticas y econom\u00eda de la cultura a nivel regional. Este espacio recoge documentos de trabajo e investigaciones en formato&hellip;","distributor_meta":false,"distributor_terms":false,"distributor_media":false,"distributor_original_site_name":"Visor Cultural","distributor_original_site_url":"https:\/\/observatorio.uartes.edu.ec\/visor-cultural","push-errors":false,"_links":{"self":[{"href":"https:\/\/observatorio.uartes.edu.ec\/visor-cultural\/wp-json\/wp\/v2\/pages\/238","targetHints":{"allow":["GET"]}}],"collection":[{"href":"https:\/\/observatorio.uartes.edu.ec\/visor-cultural\/wp-json\/wp\/v2\/pages"}],"about":[{"href":"https:\/\/observatorio.uartes.edu.ec\/visor-cultural\/wp-json\/wp\/v2\/types\/page"}],"author":[{"embeddable":true,"href":"https:\/\/observatorio.uartes.edu.ec\/visor-cultural\/wp-json\/wp\/v2\/users\/1"}],"replies":[{"embeddable":true,"href":"https:\/\/observatorio.uartes.edu.ec\/visor-cultural\/wp-json\/wp\/v2\/comments?post=238"}],"version-history":[{"count":2,"href":"https:\/\/observatorio.uartes.edu.ec\/visor-cultural\/wp-json\/wp\/v2\/pages\/238\/revisions"}],"predecessor-version":[{"id":241,"href":"https:\/\/observatorio.uartes.edu.ec\/visor-cultural\/wp-json\/wp\/v2\/pages\/238\/revisions\/241"}],"wp:attachment":[{"href":"https:\/\/observatorio.uartes.edu.ec\/visor-cultural\/wp-json\/wp\/v2\/media?parent=238"}],"curies":[{"name":"wp","href":"https:\/\/api.w.org\/{rel}","templated":true}]}}